{"id":8,"date":"2022-01-02T10:54:36","date_gmt":"2022-01-02T10:54:36","guid":{"rendered":"http:\/\/www.kantamaantila.fi\/?page_id=8"},"modified":"2022-01-02T10:54:37","modified_gmt":"2022-01-02T10:54:37","slug":"palvelut","status":"publish","type":"page","link":"https:\/\/www.kantamaantila.fi\/index.php\/palvelut\/","title":{"rendered":"Palvelut"},"content":{"rendered":"\n<p id=\"u5659-2\">Toimitamme laadukasta suomalaista koivu-, lepp\u00e4- ja sekaklapeja kotiin kuljetettuna. Polttopuut toimitetaan mahdollisuuksien mukaan asiakkaan toivomaan paikkaan kapealla Avant &#8211; pienkuormaajalla ahtaillekin pihoille.<\/p>\n\n\n\n<p id=\"u5659-3\">Polttopuut ovat pilkottuja luonnonmukaisesti ilmakuivattuja 35 cm (+- 2 cm) pitki\u00e4. Puut varastoidaan kuivissa sis\u00e4tiloissa ja kuljetetaan katetulla autolla asiakkaan pihaan.\u00a0<\/p>\n\n\n\n<p id=\"u5659-8\">Yrityksemme ekologisten arvojen mukaisesti panostamme uusiok\u00e4ytt\u00f6\u00f6n ja toimitamme tuotteet uudelleenk\u00e4ytett\u00e4viss\u00e4 pohjasta avattavissa 1,5 kuution s\u00e4keiss\u00e4. S\u00e4kki tyhjennet\u00e4\u00e4n asiakkaan osoittamaan paikkaan. S\u00e4kin voit my\u00f6s lunastaa itsellesi varastointia varten.<\/p>\n","protected":false},"excerpt":{"rendered":"<p>Toimitamme laadukasta suomalaista koivu-, lepp\u00e4- ja sekaklapeja kotiin kuljetettuna. Polttopuut toimitetaan mahdollisuuksien mukaan asiakkaan toivomaan paikkaan kapealla Avant &#8211; pienkuormaajalla ahtaillekin pihoille. [&hellip;]<\/p>\n","protected":false},"author":1,"featured_media":0,"parent":0,"menu_order":0,"comment_status":"closed","ping_status":"closed","template":"","meta":[],"_links":{"self":[{"href":"https:\/\/www.kantamaantila.fi\/index.php\/wp-json\/wp\/v2\/pages\/8"}],"collection":[{"href":"https:\/\/www.kantamaantila.fi\/index.php\/wp-json\/wp\/v2\/pages"}],"about":[{"href":"https:\/\/www.kantamaantila.fi\/index.php\/wp-json\/wp\/v2\/types\/page"}],"author":[{"embeddable":true,"href":"https:\/\/www.kantamaantila.fi\/index.php\/wp-json\/wp\/v2\/users\/1"}],"replies":[{"embeddable":true,"href":"https:\/\/www.kantamaantila.fi\/index.php\/wp-json\/wp\/v2\/comments?post=8"}],"version-history":[{"count":1,"href":"https:\/\/www.kantamaantila.fi\/index.php\/wp-json\/wp\/v2\/pages\/8\/revisions"}],"predecessor-version":[{"id":9,"href":"https:\/\/www.kantamaantila.fi\/index.php\/wp-json\/wp\/v2\/pages\/8\/revisions\/9"}],"wp:attachment":[{"href":"https:\/\/www.kantamaantila.fi\/index.php\/wp-json\/wp\/v2\/media?parent=8"}],"curies":[{"name":"wp","href":"https:\/\/api.w.org\/{rel}","templated":true}]}}