{"id":36,"date":"2022-01-03T09:18:05","date_gmt":"2022-01-03T09:18:05","guid":{"rendered":"http:\/\/www.kantamaantila.fi\/?page_id=36"},"modified":"2025-11-24T18:34:08","modified_gmt":"2025-11-24T16:34:08","slug":"yhteydenotto","status":"publish","type":"page","link":"https:\/\/www.kantamaantila.fi\/index.php\/yhteydenotto\/","title":{"rendered":"Yhteydenotto"},"content":{"rendered":"\n<p>OTA MEIHIN YHTEYTT\u00c4<\/p>\n\n\n\n<p id=\"u18965-2\">Lep\u00e4nojantie 161<\/p>\n\n\n\n<p id=\"u18965-4\">12100 Oitti<\/p>\n\n\n\n<p id=\"u18965-5\">&nbsp;Y-tunnus 3207882-2<\/p>\n\n\n\n<p id=\"u18965-10\">Puhelin 044 352 3510<\/p>\n\n\n\n<p id=\"u18965-11\">\u00a0S\u00e4hk\u00f6posti\u00a0<a rel=\"noreferrer noopener\" href=\"mailto:info@kantaklapi.fi\" target=\"_blank\">info@kantaklapi.fi<\/a> <\/p>\n\n\n\n<p>HUOM! Yll\u00e4 oleva s\u00e4hk\u00f6posti on t\u00e4ll\u00e4hetkell\u00e4 ep\u00e4kunnossa, yhteydenotot toistaiseksi vain puhelimella.<\/p>\n\n\n\n<p>Korjaamme tilanteen mahdollisimman pian!<\/p>\n","protected":false},"excerpt":{"rendered":"<p>OTA MEIHIN YHTEYTT\u00c4 Lep\u00e4nojantie 161 12100 Oitti &nbsp;Y-tunnus 3207882-2 Puhelin 044 352 3510 \u00a0S\u00e4hk\u00f6posti\u00a0info@kantaklapi.fi HUOM! Yll\u00e4 oleva s\u00e4hk\u00f6posti on t\u00e4ll\u00e4hetkell\u00e4 ep\u00e4kunnossa, yhteydenotot [&hellip;]<\/p>\n","protected":false},"author":1,"featured_media":0,"parent":0,"menu_order":0,"comment_status":"closed","ping_status":"closed","template":"","meta":[],"_links":{"self":[{"href":"https:\/\/www.kantamaantila.fi\/index.php\/wp-json\/wp\/v2\/pages\/36"}],"collection":[{"href":"https:\/\/www.kantamaantila.fi\/index.php\/wp-json\/wp\/v2\/pages"}],"about":[{"href":"https:\/\/www.kantamaantila.fi\/index.php\/wp-json\/wp\/v2\/types\/page"}],"author":[{"embeddable":true,"href":"https:\/\/www.kantamaantila.fi\/index.php\/wp-json\/wp\/v2\/users\/1"}],"replies":[{"embeddable":true,"href":"https:\/\/www.kantamaantila.fi\/index.php\/wp-json\/wp\/v2\/comments?post=36"}],"version-history":[{"count":2,"href":"https:\/\/www.kantamaantila.fi\/index.php\/wp-json\/wp\/v2\/pages\/36\/revisions"}],"predecessor-version":[{"id":70,"href":"https:\/\/www.kantamaantila.fi\/index.php\/wp-json\/wp\/v2\/pages\/36\/revisions\/70"}],"wp:attachment":[{"href":"https:\/\/www.kantamaantila.fi\/index.php\/wp-json\/wp\/v2\/media?parent=36"}],"curies":[{"name":"wp","href":"https:\/\/api.w.org\/{rel}","templated":true}]}}